{"id":2660,"date":"2025-02-08T10:11:50","date_gmt":"2025-02-08T10:11:50","guid":{"rendered":"https:\/\/determined-swanson.85-215-116-187.plesk.page\/?page_id=2660"},"modified":"2025-03-17T07:55:47","modified_gmt":"2025-03-17T06:55:47","slug":"legalnotice","status":"publish","type":"page","link":"https:\/\/stay-your-way.maze-entwicklung.de\/en\/legalnotice\/","title":{"rendered":"Legal Notice"},"content":{"rendered":"<p><strong>Stay Your Way GmbH (Limited Liability Company)<\/strong><br>Scheppener Weg 40<br>45239 Essen \/ Germany<br>Managing Director: Tim Bellof, Sandra Bellof<br>Commercial Register: Essen District Court, HRB 35981<br>VAT Identification Number: DE426197984<br>E-Mail: info@stay-your-way.com<br>Phone: +49 201 31074926<br>Content Responsibility pursuant to \u00a7 18 (2) RStV:<br>Tim Bellof, Sandra Bellof, Scheppener Weg 40, 45239 Essen, Germany<\/p>\n\n\n\n<p>Photos from: Stefan Durstewitz, Jochen Tack<\/p>\n\n\n\n<p><strong>Disclaimer<\/strong><\/p>\n\n\n\n<p>The information provided on this website is carefully checked and regularly updated. However, no guarantee can be given that all information is complete, correct and up to date at all times. This applies in particular to all links to other websites to which direct or indirect reference is made. Therefore, we cannot accept any liability for this external content. The respective provider or operator of the pages is always responsible for the content of the linked pages.<\/p>\n\n\n\n<p><strong>Copyright notice<\/strong><\/p>\n\n\n\n<p>The content and structure of the stay-your-way.com and stay-your-way.de websites are protected by copyright. The reproduction, editing, distribution and any kind of utilisation of copyrighted contributions, images and other works require the written consent of the provider or rights holder.<\/p>\n\n\n\n<p><strong>Dispute resolution<\/strong><\/p>\n\n\n\n<p>The EU Commission provides a platform for online dispute resolution, which can be accessed at: <a href=\"http:\/\/ec.europa.eu\/consumers\/odr\/\">http:\/\/ec.europa.eu\/consumers\/odr\/<\/a>. We are not willing or obliged to participate in a dispute resolution procedure before a consumer arbitration board.<\/p>","protected":false},"excerpt":{"rendered":"<p>Stay Your Way GmbH (Gesellschaft mit beschr\u00e4nkter Haftung)Scheppener Weg 4045239 EssenGesch\u00e4ftsf\u00fchrer: Tim Bellof, Sandra BellofHandelsregister: Amtsgericht Essen, HRB 35981Umsatzsteueridentifikationsnummer: DE426197984E-Mail: info@stay-your-way.comTelefon: +49 201 31074926Inhaltlich verantwortlich gem\u00e4\u00df \u00a7 18 Abs. 2 RStV:Tim Bellof, Sandra Bellof, Scheppener Weg 40, 45239 Essen Fotos von: Stefan Durstewitz, Jochen Tack Haftungshinweis Die bereitgestellten Informationen auf dieser Webseite werden sorgf\u00e4ltig gepr\u00fcft &#8230;<\/p>","protected":false},"author":2,"featured_media":3516,"parent":0,"menu_order":0,"comment_status":"closed","ping_status":"closed","template":"","meta":{"_seopress_robots_primary_cat":"","_seopress_titles_title":"","_seopress_titles_desc":"","_seopress_robots_index":"","_monsterinsights_skip_tracking":false,"_monsterinsights_sitenote_active":false,"_monsterinsights_sitenote_note":"","_monsterinsights_sitenote_category":0,"cozystay_single_page_hide_site_header":"","cozystay_single_page_site_header_source":"","cozystay_single_page_custom_site_header":"0","cozystay_single_page_custom_sticky_site_header":"0","cozystay_single_page_hide_page_title":"","cozystay_single_page_header_section_size":"","cozystay_single_page_header_background_color":"","cozystay_single_page_header_background_position_x":"center","cozystay_single_page_header_background_position_y":"center","cozystay_single_page_header_background_size":"cover","cozystay_single_page_header_background_repeat":"off","cozystay_single_page_header_background_scroll":"on","cozystay_single_page_header_text_color":"","cozystay_single_page_header_show_breadcrumb":"","cozystay_single_page_site_footer_hide_main":"","cozystay_single_custom_site_footer_main_source":"","cozystay_single_custom_site_footer_main":"0","cozystay_single_page_site_footer_hide_above":"","cozystay_single_custom_site_footer_above_source":"","cozystay_single_custom_site_footer_above":"0","cozystay_single_page_site_footer_hide_instagram":"","cozystay_single_page_site_footer_hide_bottom":"","cozystay_single_custom_mobile_menu_source":"","cozystay_single_custom_mobile_menu":"0","cozystay_single_custom_mobile_menu_animation":"","cozystay_single_custom_mobile_menu_width":"","cozystay_single_custom_mobile_menu_custom_width":375,"footnotes":""},"class_list":["post-2660","page","type-page","status-publish","has-post-thumbnail","hentry"],"_links":{"self":[{"href":"https:\/\/stay-your-way.maze-entwicklung.de\/en\/wp-json\/wp\/v2\/pages\/2660","targetHints":{"allow":["GET"]}}],"collection":[{"href":"https:\/\/stay-your-way.maze-entwicklung.de\/en\/wp-json\/wp\/v2\/pages"}],"about":[{"href":"https:\/\/stay-your-way.maze-entwicklung.de\/en\/wp-json\/wp\/v2\/types\/page"}],"author":[{"embeddable":true,"href":"https:\/\/stay-your-way.maze-entwicklung.de\/en\/wp-json\/wp\/v2\/users\/2"}],"replies":[{"embeddable":true,"href":"https:\/\/stay-your-way.maze-entwicklung.de\/en\/wp-json\/wp\/v2\/comments?post=2660"}],"version-history":[{"count":0,"href":"https:\/\/stay-your-way.maze-entwicklung.de\/en\/wp-json\/wp\/v2\/pages\/2660\/revisions"}],"wp:featuredmedia":[{"embeddable":true,"href":"https:\/\/stay-your-way.maze-entwicklung.de\/en\/wp-json\/wp\/v2\/media\/3516"}],"wp:attachment":[{"href":"https:\/\/stay-your-way.maze-entwicklung.de\/en\/wp-json\/wp\/v2\/media?parent=2660"}],"curies":[{"name":"wp","href":"https:\/\/api.w.org\/{rel}","templated":true}]}}