{"id":254,"date":"2023-03-28T04:39:15","date_gmt":"2023-03-28T04:39:15","guid":{"rendered":"https:\/\/cozystay.loftocean.com\/apartment\/?page_id=254"},"modified":"2026-01-26T13:54:11","modified_gmt":"2026-01-26T12:54:11","slug":"landlords-investors","status":"publish","type":"page","link":"https:\/\/stay-your-way.maze-entwicklung.de\/en\/landlords-investors\/","title":{"rendered":"Landlords &amp; Investors"},"content":{"rendered":"<div data-elementor-type=\"wp-page\" data-elementor-id=\"254\" class=\"elementor elementor-254\" data-elementor-post-type=\"page\">\n\t\t\t\t\t\t<section class=\"elementor-section elementor-top-section elementor-element elementor-element-2c8a1b4f elementor-section-height-min-height cs-section-content-fullwidth cs-parallax-on-scroll cs_scroll_y_80 elementor-section-boxed elementor-section-height-default elementor-section-items-middle\" data-id=\"2c8a1b4f\" data-element_type=\"section\" data-e-type=\"section\" data-settings=\"{&quot;background_background&quot;:&quot;classic&quot;}\" data-cs-parallax-y=\"80\" style=\"background-image: none;\" data-cs-background-image=\"https:\/\/stay-your-way.maze-entwicklung.de\/wp-content\/uploads\/2026\/01\/ChatGPT-Image-14.-Jan.-2026-18_43_44.png\" data-cs-background-image-alt-text=\"\">\n\t\t\t\t\t\t\t<div class=\"elementor-background-overlay\"><\/div>\n\t\t\t\t\t\t\t<div class=\"elementor-container elementor-column-gap-no\">\n\t\t\t\t\t<div class=\"elementor-column elementor-col-100 elementor-top-column elementor-element elementor-element-47215de1 dark-color\" data-id=\"47215de1\" data-element_type=\"column\" data-e-type=\"column\" data-settings=\"{&quot;background_background&quot;:&quot;classic&quot;}\">\n\t\t\t<div class=\"elementor-widget-wrap elementor-element-populated\">\n\t\t\t\t\t\t<div class=\"elementor-element elementor-element-5e21fef5 elementor-widget elementor-widget-cs_title\" data-id=\"5e21fef5\" data-element_type=\"widget\" data-e-type=\"widget\" data-widget_type=\"cs_title.default\">\n\t\t\t\t<div class=\"elementor-widget-container\">\n\t\t\t\t\t\n        <div class=\"cs-title-wrap text-center\">\t            <h1 class=\"cs-title\">\n\t                Landlords &amp; Investors\t            <\/h1>\t            <div class=\"cs-title-text\">\n\t                <p>We are looking for properties across Germany<\/p>\t            <\/div>        <\/div>\t\t\t\t<\/div>\n\t\t\t\t<\/div>\n\t\t\t\t\t<\/div>\n\t\t<\/div>\n\t\t\t\t\t<\/div>\n\t\t<\/section>\n\t\t\t\t<section class=\"elementor-section elementor-top-section elementor-element elementor-element-3826de4 cs-section-content-fullwidth cs_scroll_y_80 cs-parallax-on-scroll elementor-section-full_width elementor-section-height-default elementor-section-height-default\" data-id=\"3826de4\" data-element_type=\"section\" data-e-type=\"section\" data-settings=\"{&quot;background_background&quot;:&quot;classic&quot;}\" data-cs-parallax-y=\"80\">\n\t\t\t\t\t\t\t<div class=\"elementor-background-overlay\"><\/div>\n\t\t\t\t\t\t\t<div class=\"elementor-container elementor-column-gap-no\">\n\t\t\t\t\t<div class=\"elementor-column elementor-col-100 elementor-top-column elementor-element elementor-element-4ce94b71\" data-id=\"4ce94b71\" data-element_type=\"column\" data-e-type=\"column\">\n\t\t\t<div class=\"elementor-widget-wrap elementor-element-populated\">\n\t\t\t\t\t\t<div class=\"elementor-element elementor-element-105820f2 cs-animation-small-offset elementor-invisible elementor-widget elementor-widget-cs_title\" data-id=\"105820f2\" data-element_type=\"widget\" data-e-type=\"widget\" data-settings=\"{&quot;_animation&quot;:&quot;fadeInUp&quot;,&quot;_animation_delay&quot;:150}\" data-widget_type=\"cs_title.default\">\n\t\t\t\t<div class=\"elementor-widget-container\">\n\t\t\t\t\t\n        <div class=\"cs-title-wrap text-center\">\t            <div class=\"cs-title-text color-white\">\n\t                <p>We are looking for properties across Germany that are suitable for short-term rentals. Rather than individual apartments, we focus on properties where multiple apartments can be created, ensuring that long-term housing remains unaffected. Our primary interest lies in vacant office buildings, which we convert into high-quality apartments in collaboration with the property owner. We offer long-term lease agreements and handle all necessary city applications for usage conversion.<\/p>\t            <\/div>        <\/div>\t\t\t\t<\/div>\n\t\t\t\t<\/div>\n\t\t\t\t\t<\/div>\n\t\t<\/div>\n\t\t\t\t\t<\/div>\n\t\t<\/section>\n\t\t\t\t<section class=\"elementor-section elementor-top-section elementor-element elementor-element-1efe031 elementor-section-content-middle cs-section-content-fullwidth elementor-section-boxed elementor-section-height-default elementor-section-height-default\" data-id=\"1efe031\" data-element_type=\"section\" data-e-type=\"section\" data-settings=\"{&quot;background_background&quot;:&quot;classic&quot;}\">\n\t\t\t\t\t\t<div class=\"elementor-container elementor-column-gap-no\">\n\t\t\t\t\t<div class=\"elementor-column elementor-col-50 elementor-top-column elementor-element elementor-element-53f00ea\" data-id=\"53f00ea\" data-element_type=\"column\" data-e-type=\"column\">\n\t\t\t<div class=\"elementor-widget-wrap elementor-element-populated\">\n\t\t\t\t\t\t<section class=\"elementor-section elementor-inner-section elementor-element elementor-element-9f37c13 elementor-section-content-middle elementor-section-boxed elementor-section-height-default elementor-section-height-default\" data-id=\"9f37c13\" data-element_type=\"section\" data-e-type=\"section\">\n\t\t\t\t\t\t<div class=\"elementor-container elementor-column-gap-no\">\n\t\t\t\t\t<div class=\"elementor-column elementor-col-50 elementor-inner-column elementor-element elementor-element-b60deb8\" data-id=\"b60deb8\" data-element_type=\"column\" data-e-type=\"column\">\n\t\t\t<div class=\"elementor-widget-wrap elementor-element-populated\">\n\t\t\t\t\t\t<div class=\"elementor-element elementor-element-9ae0c7e cs-animation-small-offset elementor-invisible elementor-widget elementor-widget-image\" data-id=\"9ae0c7e\" data-element_type=\"widget\" data-e-type=\"widget\" data-settings=\"{&quot;_animation&quot;:&quot;fadeInUp&quot;,&quot;_animation_delay&quot;:150}\" data-widget_type=\"image.default\">\n\t\t\t\t<div class=\"elementor-widget-container\">\n\t\t\t\t\t\t\t\t\t\t\t\t\t\t\t<img fetchpriority=\"high\" decoding=\"async\" width=\"550\" height=\"729\" src=\"https:\/\/stay-your-way.maze-entwicklung.de\/wp-content\/uploads\/2025\/02\/103A4894-e1739666069672-550x729.jpg\" class=\"attachment-cozystay_550x9999 size-cozystay_550x9999 wp-image-2241\" alt=\"Modernes Apartment, zentrale Lage mit Garage &amp; PS4\" srcset=\"https:\/\/stay-your-way.maze-entwicklung.de\/wp-content\/uploads\/2025\/02\/103A4894-e1739666069672-550x729.jpg 550w, https:\/\/stay-your-way.maze-entwicklung.de\/wp-content\/uploads\/2025\/02\/103A4894-e1739666069672-226x300.jpg 226w, https:\/\/stay-your-way.maze-entwicklung.de\/wp-content\/uploads\/2025\/02\/103A4894-e1739666069672-772x1024.jpg 772w, https:\/\/stay-your-way.maze-entwicklung.de\/wp-content\/uploads\/2025\/02\/103A4894-e1739666069672-768x1019.jpg 768w, https:\/\/stay-your-way.maze-entwicklung.de\/wp-content\/uploads\/2025\/02\/103A4894-e1739666069672-1158x1536.jpg 1158w, https:\/\/stay-your-way.maze-entwicklung.de\/wp-content\/uploads\/2025\/02\/103A4894-e1739666069672-780x1034.jpg 780w, https:\/\/stay-your-way.maze-entwicklung.de\/wp-content\/uploads\/2025\/02\/103A4894-e1739666069672-600x796.jpg 600w, https:\/\/stay-your-way.maze-entwicklung.de\/wp-content\/uploads\/2025\/02\/103A4894-e1739666069672-370x491.jpg 370w, https:\/\/stay-your-way.maze-entwicklung.de\/wp-content\/uploads\/2025\/02\/103A4894-e1739666069672-255x338.jpg 255w, https:\/\/stay-your-way.maze-entwicklung.de\/wp-content\/uploads\/2025\/02\/103A4894-e1739666069672.jpg 1180w\" sizes=\"(max-width: 550px) 100vw, 550px\" \/>\t\t\t\t\t\t\t\t\t\t\t\t\t\t\t<\/div>\n\t\t\t\t<\/div>\n\t\t\t\t\t<\/div>\n\t\t<\/div>\n\t\t\t\t<div class=\"elementor-column elementor-col-50 elementor-inner-column elementor-element elementor-element-b06203d\" data-id=\"b06203d\" data-element_type=\"column\" data-e-type=\"column\">\n\t\t\t<div class=\"elementor-widget-wrap elementor-element-populated\">\n\t\t\t\t\t\t<div class=\"elementor-element elementor-element-bef7837 cs-animation-small-offset elementor-invisible elementor-widget elementor-widget-image\" data-id=\"bef7837\" data-element_type=\"widget\" data-e-type=\"widget\" data-settings=\"{&quot;_animation&quot;:&quot;fadeInUp&quot;,&quot;_animation_delay&quot;:300}\" data-widget_type=\"image.default\">\n\t\t\t\t<div class=\"elementor-widget-container\">\n\t\t\t\t\t\t\t\t\t\t\t\t\t\t\t<img alt=\"\" decoding=\"async\" width=\"550\" height=\"825\" src=\"https:\/\/stay-your-way.maze-entwicklung.de\/wp-content\/uploads\/2025\/02\/inverstoren_right_pic.webp\" class=\"attachment-cozystay_550x9999 size-cozystay_550x9999 wp-image-3339\" srcset=\"https:\/\/stay-your-way.maze-entwicklung.de\/wp-content\/uploads\/2025\/02\/inverstoren_right_pic.webp 550w, https:\/\/stay-your-way.maze-entwicklung.de\/wp-content\/uploads\/2025\/02\/inverstoren_right_pic-200x300.webp 200w, https:\/\/stay-your-way.maze-entwicklung.de\/wp-content\/uploads\/2025\/02\/inverstoren_right_pic-370x555.webp 370w, https:\/\/stay-your-way.maze-entwicklung.de\/wp-content\/uploads\/2025\/02\/inverstoren_right_pic-255x383.webp 255w\" sizes=\"(max-width: 550px) 100vw, 550px\" \/>\t\t\t\t\t\t\t\t\t\t\t\t\t\t\t<\/div>\n\t\t\t\t<\/div>\n\t\t\t\t\t<\/div>\n\t\t<\/div>\n\t\t\t\t\t<\/div>\n\t\t<\/section>\n\t\t\t\t\t<\/div>\n\t\t<\/div>\n\t\t\t\t<div class=\"elementor-column elementor-col-50 elementor-top-column elementor-element elementor-element-e41036a\" data-id=\"e41036a\" data-element_type=\"column\" data-e-type=\"column\" id=\"vorteile\">\n\t\t\t<div class=\"elementor-widget-wrap elementor-element-populated\">\n\t\t\t\t\t\t<div class=\"elementor-element elementor-element-52d358a elementor-widget elementor-widget-cs_title\" data-id=\"52d358a\" data-element_type=\"widget\" data-e-type=\"widget\" data-widget_type=\"cs_title.default\">\n\t\t\t\t<div class=\"elementor-widget-container\">\n\t\t\t\t\t\n        <div class=\"cs-title-wrap\">\t            <div class=\"cs-subtitle-wrap\"><span class=\"cs-subtitle\">Your Benefits as a Landlord \u2013 Secure, Hassle-Free and Profitable<\/span><\/div>        <\/div>\t\t\t\t<\/div>\n\t\t\t\t<\/div>\n\t\t\t\t<div class=\"elementor-element elementor-element-d32fb95 elementor-widget elementor-widget-cs_info_box\" data-id=\"d32fb95\" data-element_type=\"widget\" data-e-type=\"widget\" data-widget_type=\"cs_info_box.default\">\n\t\t\t\t<div class=\"elementor-widget-container\">\n\t\t\t\t\t\n\t\t\t<div class=\"cs-info-box column-1 valign-middle img-left\">\n                <div class=\"cs-info-box-wrap\">                    <div class=\"cs-info-box-item elementor-repeater-item-0c5e3e3\">\n                    \t<div class=\"cs-item-container\">\t                        <div class=\"cs-info-box-img\"><i aria-hidden=\"true\" class=\"flaticon flaticon-payment-protection\"><\/i>\t                        <\/div>\t                        <div class=\"cs-info-box-content\">\n\t                            <h3 class=\"cs-title cs-info-box-title\">Secure rental payments\t\t\t\t\t\t\t\t<\/h3>\t                            \t<div class=\"cs-info-box-text\"><p>Guaranteed and punctual rent payments through our GmbH<\/p><\/div>\t                        <\/div>\t                    <\/div>\n                    <\/div>                    <div class=\"cs-info-box-item elementor-repeater-item-12ce54d\">\n                    \t<div class=\"cs-item-container\">\t                        <div class=\"cs-info-box-img\"><i aria-hidden=\"true\" class=\"flaticon flaticon-24-hours\"><\/i>\t                        <\/div>\t                        <div class=\"cs-info-box-content\">\n\t                            <h3 class=\"cs-title cs-info-box-title\">No effort required\t\t\t\t\t\t\t\t<\/h3>\t                            \t<div class=\"cs-info-box-text\"><p>No constant tenant changes and no risk of problematic renters<\/p><\/div>\t                        <\/div>\t                    <\/div>\n                    <\/div>                    <div class=\"cs-info-box-item elementor-repeater-item-7bff29a\">\n                    \t<div class=\"cs-item-container\">\t                        <div class=\"cs-info-box-img\"><i aria-hidden=\"true\" class=\"flaticon flaticon-charity\"><\/i>\t                        <\/div>\t                        <div class=\"cs-info-box-content\">\n\t                            <h3 class=\"cs-title cs-info-box-title\">Top condition\t\t\t\t\t\t\t\t<\/h3>\t                            \t<div class=\"cs-info-box-text\"><p>Your property is regularly maintained and kept in excellent condition<\/p><\/div>\t                        <\/div>\t                    <\/div>\n                    <\/div>                    <div class=\"cs-info-box-item elementor-repeater-item-d9b21d6\">\n                    \t<div class=\"cs-item-container\">\t                        <div class=\"cs-info-box-img\"><i aria-hidden=\"true\" class=\"flaticon flaticon-hotel-sign\"><\/i>\t                        <\/div>\t                        <div class=\"cs-info-box-content\">\n\t                            <h3 class=\"cs-title cs-info-box-title\">Professional cleaning\t\t\t\t\t\t\t\t<\/h3>\t                            \t<div class=\"cs-info-box-text\"><p>Regular cleaning by professional staff<\/p><\/div>\t                        <\/div>\t                    <\/div>\n                    <\/div>                    <div class=\"cs-info-box-item elementor-repeater-item-43c881b\">\n                    \t<div class=\"cs-item-container\">\t                        <div class=\"cs-info-box-img\"><i aria-hidden=\"true\" class=\"flaticon flaticon-booked\"><\/i>\t                        <\/div>\t                        <div class=\"cs-info-box-content\">\n\t                            <h3 class=\"cs-title cs-info-box-title\">Less wear and tear\t\t\t\t\t\t\t\t<\/h3>\t                            \t<div class=\"cs-info-box-text\"><p>Reduced property wear, as guests primarily stay on site at night<\/p><\/div>\t                        <\/div>\t                    <\/div>\n                    <\/div>                    <div class=\"cs-info-box-item elementor-repeater-item-8400fd6\">\n                    \t<div class=\"cs-item-container\">\t                        <div class=\"cs-info-box-img\"><i aria-hidden=\"true\" class=\"flaticon flaticon-shield\"><\/i>\t                        <\/div>\t                        <div class=\"cs-info-box-content\">\n\t                            <h3 class=\"cs-title cs-info-box-title\">House rules &amp; monitoring\t\t\t\t\t\t\t\t<\/h3>\t                            \t<div class=\"cs-info-box-text\"><p>We ensure compliance with house rules using innovative monitoring devices<\/p><\/div>\t                        <\/div>\t                    <\/div>\n                    <\/div>                    <div class=\"cs-info-box-item elementor-repeater-item-34ccfe9\">\n                    \t<div class=\"cs-item-container\">\t                        <div class=\"cs-info-box-img\"><i aria-hidden=\"true\" class=\"flaticon flaticon-open-sign\"><\/i>\t                        <\/div>\t                        <div class=\"cs-info-box-content\">\n\t                            <h3 class=\"cs-title cs-info-box-title\">Apartment inspections\t\t\t\t\t\t\t\t<\/h3>\t                            \t<div class=\"cs-info-box-text\"><p>Landlords can inspect their property on unbooked days to see its well-maintained state<\/p><\/div>\t                        <\/div>\t                    <\/div>\n                    <\/div>\t\t\t\t<\/div>\n\t\t\t<\/div>\t\t\t\t<\/div>\n\t\t\t\t<\/div>\n\t\t\t\t<div class=\"elementor-element elementor-element-5e8b14c elementor-widget__width-auto elementor-widget elementor-widget-cs_button\" data-id=\"5e8b14c\" data-element_type=\"widget\" data-e-type=\"widget\" data-widget_type=\"cs_button.default\">\n\t\t\t\t<div class=\"elementor-widget-container\">\n\t\t\t\t\t        <a href=\"#investorenkontakt\" class=\"elementor-button-link button cs-btn-outline cs-btn-small\" role=\"button\">\n            <span class=\"cs-btn-text\">Start benefiting as a landlord now<\/span>        <\/a>\t\t\t\t<\/div>\n\t\t\t\t<\/div>\n\t\t\t\t\t<\/div>\n\t\t<\/div>\n\t\t\t\t\t<\/div>\n\t\t<\/section>\n\t\t\t\t<section class=\"elementor-section elementor-top-section elementor-element elementor-element-446998c5 elementor-section-full_width elementor-section-content-middle cs-section-content-fullwidth elementor-section-height-default elementor-section-height-default\" data-id=\"446998c5\" data-element_type=\"section\" data-e-type=\"section\" data-settings=\"{&quot;background_background&quot;:&quot;classic&quot;}\">\n\t\t\t\t\t\t<div class=\"elementor-container elementor-column-gap-no\">\n\t\t\t\t\t<div class=\"elementor-column elementor-col-100 elementor-top-column elementor-element elementor-element-5b5483d3\" data-id=\"5b5483d3\" data-element_type=\"column\" data-e-type=\"column\">\n\t\t\t<div class=\"elementor-widget-wrap elementor-element-populated\">\n\t\t\t\t\t\t<section class=\"elementor-section elementor-inner-section elementor-element elementor-element-2cbebc61 elementor-section-full_width elementor-section-height-default elementor-section-height-default\" data-id=\"2cbebc61\" data-element_type=\"section\" data-e-type=\"section\" data-settings=\"{&quot;background_background&quot;:&quot;classic&quot;}\">\n\t\t\t\t\t\t<div class=\"elementor-container elementor-column-gap-no\">\n\t\t\t\t\t<div class=\"elementor-column elementor-col-50 elementor-inner-column elementor-element elementor-element-52c9afe4\" data-id=\"52c9afe4\" data-element_type=\"column\" data-e-type=\"column\" data-settings=\"{&quot;background_background&quot;:&quot;classic&quot;}\">\n\t\t\t<div class=\"elementor-widget-wrap elementor-element-populated\">\n\t\t\t\t\t\t<div class=\"elementor-element elementor-element-64a6eb3 elementor-widget elementor-widget-spacer\" data-id=\"64a6eb3\" data-element_type=\"widget\" data-e-type=\"widget\" data-widget_type=\"spacer.default\">\n\t\t\t\t<div class=\"elementor-widget-container\">\n\t\t\t\t\t\t\t<div class=\"elementor-spacer\">\n\t\t\t<div class=\"elementor-spacer-inner\"><\/div>\n\t\t<\/div>\n\t\t\t\t\t\t<\/div>\n\t\t\t\t<\/div>\n\t\t\t\t\t<\/div>\n\t\t<\/div>\n\t\t\t\t<div class=\"elementor-column elementor-col-50 elementor-inner-column elementor-element elementor-element-11395835\" data-id=\"11395835\" data-element_type=\"column\" data-e-type=\"column\">\n\t\t\t<div class=\"elementor-widget-wrap elementor-element-populated\">\n\t\t\t\t\t\t<div class=\"elementor-element elementor-element-994f886 elementor-widget elementor-widget-cs_title\" data-id=\"994f886\" data-element_type=\"widget\" data-e-type=\"widget\" data-widget_type=\"cs_title.default\">\n\t\t\t\t<div class=\"elementor-widget-container\">\n\t\t\t\t\t\n        <div class=\"cs-title-wrap\">\t            <h2 class=\"cs-title\">\n\t                Contact Us\t            <\/h2>        <\/div>\t\t\t\t<\/div>\n\t\t\t\t<\/div>\n\t\t\t\t<div class=\"elementor-element elementor-element-d03dd15 elementor-widget elementor-widget-text-editor\" data-id=\"d03dd15\" data-element_type=\"widget\" data-e-type=\"widget\" data-widget_type=\"text-editor.default\">\n\t\t\t\t<div class=\"elementor-widget-container\">\n\t\t\t\t\t\t\t\t\t<p>Do you have a property you would like to offer us for short-term rental?<br \/><br \/>Feel free to send us initial information and we will get back to you shortly.<\/p>\t\t\t\t\t\t\t\t<\/div>\n\t\t\t\t<\/div>\n\t\t\t\t<div class=\"elementor-element elementor-element-51d9c0cb elementor-widget elementor-widget-cs_form_cf7\" data-id=\"51d9c0cb\" data-element_type=\"widget\" data-e-type=\"widget\" id=\"investorenkontakt\" data-widget_type=\"cs_form_cf7.default\">\n\t\t\t\t<div class=\"elementor-widget-container\">\n\t\t\t\t\t            <div class=\"cs-form-cf7 placeholder-normal\">\n                <div class=\"cs-form-cf7-wrap\">\n<div class=\"wpcf7 no-js\" id=\"wpcf7-f8-o1\" lang=\"en-US\" dir=\"ltr\" data-wpcf7-id=\"8\">\n<div class=\"screen-reader-response\"><p role=\"status\" aria-live=\"polite\" aria-atomic=\"true\"><\/p> <ul><\/ul><\/div>\n<form action=\"\/en\/wp-json\/wp\/v2\/pages\/254#wpcf7-f8-o1\" method=\"post\" class=\"wpcf7-form init\" aria-label=\"Contact form\" novalidate=\"novalidate\" data-status=\"init\" data-trp-original-action=\"\/en\/wp-json\/wp\/v2\/pages\/254#wpcf7-f8-o1\">\n<fieldset class=\"hidden-fields-container\"><input type=\"hidden\" name=\"_wpcf7\" value=\"8\" \/><input type=\"hidden\" name=\"_wpcf7_version\" value=\"6.1.5\" \/><input type=\"hidden\" name=\"_wpcf7_locale\" value=\"en_US\" \/><input type=\"hidden\" name=\"_wpcf7_unit_tag\" value=\"wpcf7-f8-o1\" \/><input type=\"hidden\" name=\"_wpcf7_container_post\" value=\"0\" \/><input type=\"hidden\" name=\"_wpcf7_posted_data_hash\" value=\"\" \/><input type=\"hidden\" name=\"_wpcf7_recaptcha_response\" value=\"\" \/>\n<\/fieldset>\n<p><label> First Name*<br \/>\n<span class=\"wpcf7-form-control-wrap\" data-name=\"your-name\"><input size=\"40\" maxlength=\"400\" class=\"wpcf7-form-control wpcf7-text wpcf7-validates-as-required\" autocomplete=\"name\" aria-required=\"true\" aria-invalid=\"false\" value=\"\" type=\"text\" name=\"your-name\" \/><\/span> <\/label>\n<\/p>\n<p><label> Last Name*<br \/>\n<span class=\"wpcf7-form-control-wrap\" data-name=\"your-lastname\"><input size=\"40\" maxlength=\"400\" class=\"wpcf7-form-control wpcf7-text wpcf7-validates-as-required\" autocomplete=\"name\" aria-required=\"true\" aria-invalid=\"false\" value=\"\" type=\"text\" name=\"your-lastname\" \/><\/span> <\/label>\n<\/p>\n<p><label> E-Mail*<br \/>\n<span class=\"wpcf7-form-control-wrap\" data-name=\"your-email\"><input size=\"40\" maxlength=\"400\" class=\"wpcf7-form-control wpcf7-email wpcf7-validates-as-required wpcf7-text wpcf7-validates-as-email\" autocomplete=\"email\" aria-required=\"true\" aria-invalid=\"false\" value=\"\" type=\"email\" name=\"your-email\" \/><\/span> <\/label>\n<\/p>\n<p><label> Phone Number<br \/>\n<span class=\"wpcf7-form-control-wrap\" data-name=\"your-tel\"><input size=\"40\" maxlength=\"400\" class=\"wpcf7-form-control wpcf7-tel wpcf7-text wpcf7-validates-as-tel\" aria-invalid=\"false\" value=\"\" type=\"tel\" name=\"your-tel\" \/><\/span> <\/label>\n<\/p>\n<p><label> Message<br \/>\n<span class=\"wpcf7-form-control-wrap\" data-name=\"your-message\"><textarea cols=\"40\" rows=\"10\" maxlength=\"2000\" class=\"wpcf7-form-control wpcf7-textarea\" aria-invalid=\"false\" name=\"your-message\"><\/textarea><\/span> <\/label>\n<\/p>\n<p><input class=\"wpcf7-form-control wpcf7-submit has-spinner\" type=\"submit\" value=\"Send Message\" \/>\n<\/p><div class=\"wpcf7-response-output\" aria-hidden=\"true\"><\/div>\n<input type=\"hidden\" name=\"trp-form-language\" value=\"en\"\/><\/form>\n<\/div>\n<\/div>\n            <\/div>\t\t\t\t<\/div>\n\t\t\t\t<\/div>\n\t\t\t\t\t<\/div>\n\t\t<\/div>\n\t\t\t\t\t<\/div>\n\t\t<\/section>\n\t\t\t\t\t<\/div>\n\t\t<\/div>\n\t\t\t\t\t<\/div>\n\t\t<\/section>\n\t\t\t\t<\/div>","protected":false},"excerpt":{"rendered":"<p>Vermieter und Investoren Wir suchen deutschlandweit Objekte Wir sind deutschlandweit auf der Suche nach Immobilien, die sich f\u00fcr die Kurzzeitvermietung eignen. Dabei suchen wir nicht prim\u00e4r nach einzelnen Apartments, zumal wir auch keinen Wohnraum f\u00fcr Langzeitmieter zweckentfremden wollen, sondern nach Immobilien, in denen mehrere Apartments geschaffen werden k\u00f6nnen. Wir fokussieren uns auf leerstehende B\u00fcrogeb\u00e4ude, die &#8230;<\/p>","protected":false},"author":2,"featured_media":0,"parent":0,"menu_order":0,"comment_status":"closed","ping_status":"closed","template":"template-wide-content.php","meta":{"_seopress_robots_primary_cat":"","_seopress_titles_title":"","_seopress_titles_desc":"","_seopress_robots_index":"","_monsterinsights_skip_tracking":false,"_monsterinsights_sitenote_active":false,"_monsterinsights_sitenote_note":"","_monsterinsights_sitenote_category":0,"cozystay_single_page_hide_site_header":"","cozystay_single_page_site_header_source":"","cozystay_single_page_custom_site_header":"0","cozystay_single_page_custom_sticky_site_header":"0","cozystay_single_page_hide_page_title":"on","cozystay_single_page_header_section_size":"","cozystay_single_page_header_background_color":"","cozystay_single_page_header_background_position_x":"center","cozystay_single_page_header_background_position_y":"center","cozystay_single_page_header_background_size":"cover","cozystay_single_page_header_background_repeat":"off","cozystay_single_page_header_background_scroll":"on","cozystay_single_page_header_text_color":"","cozystay_single_page_header_show_breadcrumb":"","cozystay_single_page_site_footer_hide_main":"","cozystay_single_custom_site_footer_main_source":"","cozystay_single_custom_site_footer_main":"0","cozystay_single_page_site_footer_hide_above":"","cozystay_single_custom_site_footer_above_source":"","cozystay_single_custom_site_footer_above":"0","cozystay_single_page_site_footer_hide_instagram":"","cozystay_single_page_site_footer_hide_bottom":"","cozystay_single_custom_mobile_menu_source":"","cozystay_single_custom_mobile_menu":"0","cozystay_single_custom_mobile_menu_animation":"","cozystay_single_custom_mobile_menu_width":"","cozystay_single_custom_mobile_menu_custom_width":375,"footnotes":""},"class_list":["post-254","page","type-page","status-publish","hentry"],"_links":{"self":[{"href":"https:\/\/stay-your-way.maze-entwicklung.de\/en\/wp-json\/wp\/v2\/pages\/254","targetHints":{"allow":["GET"]}}],"collection":[{"href":"https:\/\/stay-your-way.maze-entwicklung.de\/en\/wp-json\/wp\/v2\/pages"}],"about":[{"href":"https:\/\/stay-your-way.maze-entwicklung.de\/en\/wp-json\/wp\/v2\/types\/page"}],"author":[{"embeddable":true,"href":"https:\/\/stay-your-way.maze-entwicklung.de\/en\/wp-json\/wp\/v2\/users\/2"}],"replies":[{"embeddable":true,"href":"https:\/\/stay-your-way.maze-entwicklung.de\/en\/wp-json\/wp\/v2\/comments?post=254"}],"version-history":[{"count":3,"href":"https:\/\/stay-your-way.maze-entwicklung.de\/en\/wp-json\/wp\/v2\/pages\/254\/revisions"}],"predecessor-version":[{"id":5481,"href":"https:\/\/stay-your-way.maze-entwicklung.de\/en\/wp-json\/wp\/v2\/pages\/254\/revisions\/5481"}],"wp:attachment":[{"href":"https:\/\/stay-your-way.maze-entwicklung.de\/en\/wp-json\/wp\/v2\/media?parent=254"}],"curies":[{"name":"wp","href":"https:\/\/api.w.org\/{rel}","templated":true}]}}